{"id":112,"date":"2025-11-10T21:45:42","date_gmt":"2025-11-10T21:45:42","guid":{"rendered":"https:\/\/organicguru.shop\/?post_type=product&#038;p=112"},"modified":"2025-11-10T21:45:58","modified_gmt":"2025-11-10T21:45:58","slug":"jabon-de-manzanilla","status":"publish","type":"product","link":"https:\/\/organicguru.shop\/?product=jabon-de-manzanilla","title":{"rendered":"Jab\u00f3n de manzanilla"},"content":{"rendered":"<p data-start=\"3488\" data-end=\"3509\"><strong data-start=\"3488\" data-end=\"3507\"><span>1. Introducci\u00f3n<\/span><\/strong><\/p>\n<ul data-start=\"3510\" data-end=\"3580\">\n<li data-start=\"3510\" data-end=\"3580\"><span>El Jab\u00f3n de Manzanilla es ideal para una piel suave y equilibrada.<\/span><\/li>\n<\/ul>\n<p data-start=\"3582\" data-end=\"3622\"><strong data-start=\"3582\" data-end=\"3620\"><span>2. \u00bfQu\u00e9 es el Jab\u00f3n de Manzanilla?<\/span><\/strong><\/p>\n<ul data-start=\"3623\" data-end=\"3726\">\n<li data-start=\"3623\" data-end=\"3675\"><span>Jab\u00f3n artesanal con extracto puro de manzanilla.<\/span><\/li>\n<li data-start=\"3676\" data-end=\"3726\"><span>F\u00f3rmula natural y libre de qu\u00edmicos agresivos.<\/span><\/li>\n<\/ul>\n<p data-start=\"3728\" data-end=\"3771\"><strong data-start=\"3728\" data-end=\"3769\"><span>3. Beneficios del Jab\u00f3n de Manzanilla<\/span><\/strong><\/p>\n<p data-start=\"3773\" data-end=\"3804\"><strong data-start=\"3773\" data-end=\"3802\"><span>3.1. Calmante y relajante<\/span><\/strong><\/p>\n<ul data-start=\"3805\" data-end=\"3886\">\n<li data-start=\"3805\" data-end=\"3853\"><span>Reduce el estr\u00e9s y la irritaci\u00f3n de la piel.<\/span><\/li>\n<li data-start=\"3854\" data-end=\"3886\"><span>Ideal para pieles sensibles.<\/span><\/li>\n<\/ul>\n<p data-start=\"3888\" data-end=\"3916\"><strong data-start=\"3888\" data-end=\"3914\"><span>3.2 Hidrataci\u00f3n suave<\/span><\/strong><\/p>\n<ul data-start=\"3917\" data-end=\"4004\">\n<li data-start=\"3917\" data-end=\"3958\"><span>Aporte humedad sin sensaci\u00f3n grasa.<\/span><\/li>\n<li data-start=\"3959\" data-end=\"4004\"><span>Equilibra la piel sin obstruir los poros.<\/span><\/li>\n<\/ul>\n<p data-start=\"4006\" data-end=\"4041\"><strong data-start=\"4006\" data-end=\"4039\"><span>3.3. Aroma Delicado y Natural<\/span><\/strong><\/p>\n<ul data-start=\"4042\" data-end=\"4122\">\n<li data-start=\"4042\" data-end=\"4076\"><span>Experiencia de ba\u00f1o relajante.<\/span><\/li>\n<li data-start=\"4077\" data-end=\"4122\"><span>Deja la piel con un aroma suave y fresco.<\/span><\/li>\n<\/ul>\n<p data-start=\"4124\" data-end=\"4149\"><strong data-start=\"4124\" data-end=\"4147\"><span>4. Uso y aplicaci\u00f3n<\/span><\/strong><\/p>\n<ul data-start=\"4150\" data-end=\"4204\">\n<li data-start=\"4150\" data-end=\"4204\"><span>Aplicar sobre la piel h\u00fameda, masajear y enjuagar.<\/span><\/li>\n<\/ul>\n<p data-start=\"4206\" data-end=\"4225\"><strong data-start=\"4206\" data-end=\"4223\"><span>5. Conclusi\u00f3n<\/span><\/strong><\/p>\n<ul data-start=\"4226\" data-end=\"4283\">\n<li data-start=\"4226\" data-end=\"4283\"><span>Un jab\u00f3n suave, calmante y apto para toda la familia.<\/span><\/li>\n<\/ul>\n","protected":false},"excerpt":{"rendered":"<p>1. Introducci\u00f3n El Jab\u00f3n de Manzanilla es ideal para una piel suave y equilibrada. 2. \u00bfQu\u00e9 es el Jab\u00f3n de Manzanilla? Jab\u00f3n artesanal con extracto puro de manzanilla. F\u00f3rmula natural y libre de qu\u00edmicos agresivos. 3. Beneficios del Jab\u00f3n de Manzanilla 3.1. Calmante y relajante Reduce el estr\u00e9s y la irritaci\u00f3n de la piel. Ideal [&hellip;]<\/p>\n","protected":false},"featured_media":123,"comment_status":"open","ping_status":"closed","template":"","meta":[],"product_brand":[],"product_cat":[22],"product_tag":[],"class_list":{"0":"post-112","1":"product","2":"type-product","3":"status-publish","4":"has-post-thumbnail","6":"product_cat-jabones","8":"first","9":"instock","10":"shipping-taxable","11":"purchasable","12":"product-type-simple"},"jetpack_sharing_enabled":true,"_links":{"self":[{"href":"https:\/\/organicguru.shop\/index.php?rest_route=\/wp\/v2\/product\/112","targetHints":{"allow":["GET"]}}],"collection":[{"href":"https:\/\/organicguru.shop\/index.php?rest_route=\/wp\/v2\/product"}],"about":[{"href":"https:\/\/organicguru.shop\/index.php?rest_route=\/wp\/v2\/types\/product"}],"replies":[{"embeddable":true,"href":"https:\/\/organicguru.shop\/index.php?rest_route=%2Fwp%2Fv2%2Fcomments&post=112"}],"wp:featuredmedia":[{"embeddable":true,"href":"https:\/\/organicguru.shop\/index.php?rest_route=\/wp\/v2\/media\/123"}],"wp:attachment":[{"href":"https:\/\/organicguru.shop\/index.php?rest_route=%2Fwp%2Fv2%2Fmedia&parent=112"}],"wp:term":[{"taxonomy":"product_brand","embeddable":true,"href":"https:\/\/organicguru.shop\/index.php?rest_route=%2Fwp%2Fv2%2Fproduct_brand&post=112"},{"taxonomy":"product_cat","embeddable":true,"href":"https:\/\/organicguru.shop\/index.php?rest_route=%2Fwp%2Fv2%2Fproduct_cat&post=112"},{"taxonomy":"product_tag","embeddable":true,"href":"https:\/\/organicguru.shop\/index.php?rest_route=%2Fwp%2Fv2%2Fproduct_tag&post=112"}],"curies":[{"name":"wp","href":"https:\/\/api.w.org\/{rel}","templated":true}]}}