{"id":111,"date":"2025-11-10T21:45:42","date_gmt":"2025-11-10T21:45:42","guid":{"rendered":"https:\/\/organicguru.shop\/?post_type=product&#038;p=111"},"modified":"2025-11-10T21:45:55","modified_gmt":"2025-11-10T21:45:55","slug":"jabon-de-sabila","status":"publish","type":"product","link":"https:\/\/organicguru.shop\/?product=jabon-de-sabila","title":{"rendered":"Jab\u00f3n de S\u00e1bila"},"content":{"rendered":"<p data-start=\"2599\" data-end=\"2620\"><strong data-start=\"2599\" data-end=\"2618\"><span>1. Introducci\u00f3n<\/span><\/strong><\/p>\n<ul data-start=\"2621\" data-end=\"2702\">\n<li data-start=\"2621\" data-end=\"2702\"><span>Nuestro Jab\u00f3n de S\u00e1bila limpia, hidrata y regenera la piel de manera natural.<\/span><\/li>\n<\/ul>\n<p data-start=\"2704\" data-end=\"2740\"><strong data-start=\"2704\" data-end=\"2738\"><span>2. \u00bfQu\u00e9 es el Jab\u00f3n de S\u00e1bila?<\/span><\/strong><\/p>\n<ul data-start=\"2741\" data-end=\"2848\">\n<li data-start=\"2741\" data-end=\"2789\"><span>Jab\u00f3n artesanal con extracto puro de s\u00e1bila.<\/span><\/li>\n<li data-start=\"2790\" data-end=\"2848\"><span>Libre de qu\u00edmicos agresivos y fragancias artificiales.<\/span><\/li>\n<\/ul>\n<p data-start=\"2850\" data-end=\"2889\"><strong data-start=\"2850\" data-end=\"2887\"><span>3. Beneficios del Jab\u00f3n de S\u00e1bila<\/span><\/strong><\/p>\n<p data-start=\"2891\" data-end=\"2928\"><strong data-start=\"2891\" data-end=\"2926\"><span>3.1. Hidrataci\u00f3n y Regeneraci\u00f3n<\/span><\/strong><\/p>\n<ul data-start=\"2929\" data-end=\"3009\">\n<li data-start=\"2929\" data-end=\"2962\"><span>Nutre la piel en profundidad.<\/span><\/li>\n<li data-start=\"2963\" data-end=\"3009\"><span>Acelera la cicatrizaci\u00f3n de heridas leves.<\/span><\/li>\n<\/ul>\n<p data-start=\"3011\" data-end=\"3049\"><strong data-start=\"3011\" data-end=\"3047\"><span>3.2. Calmante y Antiinflamatorio<\/span><\/strong><\/p>\n<ul data-start=\"3050\" data-end=\"3141\">\n<li data-start=\"3050\" data-end=\"3091\"><span>Reducir irritaciones y enrojecimiento.<\/span><\/li>\n<li data-start=\"3092\" data-end=\"3141\"><span>Ideal para pieles sensibles o con afecciones.<\/span><\/li>\n<\/ul>\n<p data-start=\"3143\" data-end=\"3182\"><strong data-start=\"3143\" data-end=\"3180\"><span>3.3. Limpieza Profunda y Suavidad<\/span><\/strong><\/p>\n<ul data-start=\"3183\" data-end=\"3272\">\n<li data-start=\"3183\" data-end=\"3225\"><span>Elimina impurezas sin resecar la piel.<\/span><\/li>\n<li data-start=\"3226\" data-end=\"3272\"><span>Deja una sensaci\u00f3n de frescura y suavidad.<\/span><\/li>\n<\/ul>\n<p data-start=\"3274\" data-end=\"3299\"><strong data-start=\"3274\" data-end=\"3297\"><span>4. Uso y aplicaci\u00f3n<\/span><\/strong><\/p>\n<ul data-start=\"3300\" data-end=\"3373\">\n<li data-start=\"3300\" data-end=\"3334\"><span>Uso diario en rostro y cuerpo.<\/span><\/li>\n<li data-start=\"3335\" data-end=\"3373\"><span>Aplicar y enjuagar con agua tibia.<\/span><\/li>\n<\/ul>\n<p data-start=\"3375\" data-end=\"3394\"><strong data-start=\"3375\" data-end=\"3392\"><span>5. Conclusi\u00f3n<\/span><\/strong><\/p>\n<ul data-start=\"3395\" data-end=\"3450\">\n<li data-start=\"3395\" data-end=\"3450\"><span>Perfecto para hidratar, regenerar y calmar la piel.<\/span><\/li>\n<\/ul>\n","protected":false},"excerpt":{"rendered":"<p>1. Introducci\u00f3n Nuestro Jab\u00f3n de S\u00e1bila limpia, hidrata y regenera la piel de manera natural. 2. \u00bfQu\u00e9 es el Jab\u00f3n de S\u00e1bila? Jab\u00f3n artesanal con extracto puro de s\u00e1bila. Libre de qu\u00edmicos agresivos y fragancias artificiales. 3. Beneficios del Jab\u00f3n de S\u00e1bila 3.1. Hidrataci\u00f3n y Regeneraci\u00f3n Nutre la piel en profundidad. Acelera la cicatrizaci\u00f3n de [&hellip;]<\/p>\n","protected":false},"featured_media":122,"comment_status":"open","ping_status":"closed","template":"","meta":[],"product_brand":[],"product_cat":[22],"product_tag":[],"class_list":{"0":"post-111","1":"product","2":"type-product","3":"status-publish","4":"has-post-thumbnail","6":"product_cat-jabones","8":"first","9":"instock","10":"shipping-taxable","11":"purchasable","12":"product-type-simple"},"jetpack_sharing_enabled":true,"_links":{"self":[{"href":"https:\/\/organicguru.shop\/index.php?rest_route=\/wp\/v2\/product\/111","targetHints":{"allow":["GET"]}}],"collection":[{"href":"https:\/\/organicguru.shop\/index.php?rest_route=\/wp\/v2\/product"}],"about":[{"href":"https:\/\/organicguru.shop\/index.php?rest_route=\/wp\/v2\/types\/product"}],"replies":[{"embeddable":true,"href":"https:\/\/organicguru.shop\/index.php?rest_route=%2Fwp%2Fv2%2Fcomments&post=111"}],"wp:featuredmedia":[{"embeddable":true,"href":"https:\/\/organicguru.shop\/index.php?rest_route=\/wp\/v2\/media\/122"}],"wp:attachment":[{"href":"https:\/\/organicguru.shop\/index.php?rest_route=%2Fwp%2Fv2%2Fmedia&parent=111"}],"wp:term":[{"taxonomy":"product_brand","embeddable":true,"href":"https:\/\/organicguru.shop\/index.php?rest_route=%2Fwp%2Fv2%2Fproduct_brand&post=111"},{"taxonomy":"product_cat","embeddable":true,"href":"https:\/\/organicguru.shop\/index.php?rest_route=%2Fwp%2Fv2%2Fproduct_cat&post=111"},{"taxonomy":"product_tag","embeddable":true,"href":"https:\/\/organicguru.shop\/index.php?rest_route=%2Fwp%2Fv2%2Fproduct_tag&post=111"}],"curies":[{"name":"wp","href":"https:\/\/api.w.org\/{rel}","templated":true}]}}